{"id":853,"date":"2023-03-13T11:18:13","date_gmt":"2023-03-13T11:18:13","guid":{"rendered":"https:\/\/saveshelp.com\/?page_id=853"},"modified":"2023-04-06T09:31:46","modified_gmt":"2023-04-06T09:31:46","slug":"hockey-kdo-jsme","status":"publish","type":"page","link":"https:\/\/saveshelp.com\/de\/hockey-werwirsind\/","title":{"rendered":"Hokej Kdo jsme"},"content":{"rendered":"<div data-elementor-type=\"wp-page\" data-elementor-id=\"853\" class=\"elementor elementor-853\" data-elementor-post-type=\"page\">\n\t\t\t\t\t\t<section class=\"elementor-section elementor-top-section elementor-element elementor-element-5497928b elementor-section-full_width elementor-section-height-min-height elementor-section-items-stretch elementor-section-content-middle elementor-section-height-default\" data-id=\"5497928b\" data-element_type=\"section\" data-e-type=\"section\" data-settings=\"{&quot;background_background&quot;:&quot;classic&quot;}\">\n\t\t\t\t\t\t\t<div class=\"elementor-background-overlay\"><\/div>\n\t\t\t\t\t\t\t<div class=\"elementor-container elementor-column-gap-default\">\n\t\t\t\t\t<div class=\"elementor-column elementor-col-100 elementor-top-column elementor-element elementor-element-67521c67\" data-id=\"67521c67\" data-element_type=\"column\" data-e-type=\"column\">\n\t\t\t<div class=\"elementor-widget-wrap elementor-element-populated\">\n\t\t\t\t\t\t<div class=\"elementor-element elementor-element-666ebbc9 animated-slow elementor-invisible elementor-widget elementor-widget-heading\" data-id=\"666ebbc9\" data-element_type=\"widget\" data-e-type=\"widget\" data-settings=\"{&quot;_animation&quot;:&quot;fadeInDown&quot;}\" data-widget_type=\"heading.default\">\n\t\t\t\t<div class=\"elementor-widget-container\">\n\t\t\t\t\t<h2 class=\"elementor-heading-title elementor-size-default\">\u00dcber Saves Help<\/h2>\t\t\t\t<\/div>\n\t\t\t\t<\/div>\n\t\t\t\t<div class=\"elementor-element elementor-element-ed1b8e8 animated-slow elementor-invisible elementor-widget elementor-widget-heading\" data-id=\"ed1b8e8\" data-element_type=\"widget\" data-e-type=\"widget\" data-settings=\"{&quot;_animation&quot;:&quot;fadeInUp&quot;,&quot;_animation_delay&quot;:100}\" data-widget_type=\"heading.default\">\n\t\t\t\t<div class=\"elementor-widget-container\">\n\t\t\t\t\t<h2 class=\"elementor-heading-title elementor-size-default\">Wer wir sind<\/h2>\t\t\t\t<\/div>\n\t\t\t\t<\/div>\n\t\t\t\t<div class=\"elementor-element elementor-element-d08ff59 elementor-widget__width-initial elementor-fixed elementor-hidden-mobile elementor-shape-rounded elementor-grid-0 e-grid-align-center elementor-widget elementor-widget-social-icons\" data-id=\"d08ff59\" data-element_type=\"widget\" data-e-type=\"widget\" data-settings=\"{&quot;_position&quot;:&quot;fixed&quot;}\" data-widget_type=\"social-icons.default\">\n\t\t\t\t<div class=\"elementor-widget-container\">\n\t\t\t\t\t\t\t<div class=\"elementor-social-icons-wrapper elementor-grid\" role=\"list\">\n\t\t\t\t\t\t\t<span class=\"elementor-grid-item\" role=\"listitem\">\n\t\t\t\t\t<a class=\"elementor-icon elementor-social-icon elementor-social-icon-facebook elementor-repeater-item-3925863\" target=\"_blank\">\n\t\t\t\t\t\t<span class=\"elementor-screen-only\">Facebook<\/span>\n\t\t\t\t\t\t<i aria-hidden=\"true\" class=\"fab fa-facebook\"><\/i>\t\t\t\t\t<\/a>\n\t\t\t\t<\/span>\n\t\t\t\t\t\t\t<span class=\"elementor-grid-item\" role=\"listitem\">\n\t\t\t\t\t<a class=\"elementor-icon elementor-social-icon elementor-social-icon-instagram elementor-repeater-item-bf57850\" target=\"_blank\">\n\t\t\t\t\t\t<span class=\"elementor-screen-only\">Instagram<\/span>\n\t\t\t\t\t\t<i aria-hidden=\"true\" class=\"fab fa-instagram\"><\/i>\t\t\t\t\t<\/a>\n\t\t\t\t<\/span>\n\t\t\t\t\t\t\t<span class=\"elementor-grid-item\" role=\"listitem\">\n\t\t\t\t\t<a class=\"elementor-icon elementor-social-icon elementor-social-icon-twitter elementor-repeater-item-428f7a9\" target=\"_blank\">\n\t\t\t\t\t\t<span class=\"elementor-screen-only\">Twitter<\/span>\n\t\t\t\t\t\t<i aria-hidden=\"true\" class=\"fab fa-twitter\"><\/i>\t\t\t\t\t<\/a>\n\t\t\t\t<\/span>\n\t\t\t\t\t\t\t<span class=\"elementor-grid-item\" role=\"listitem\">\n\t\t\t\t\t<a class=\"elementor-icon elementor-social-icon elementor-social-icon-youtube elementor-repeater-item-6c22e62\" target=\"_blank\">\n\t\t\t\t\t\t<span class=\"elementor-screen-only\">Youtube<\/span>\n\t\t\t\t\t\t<i aria-hidden=\"true\" class=\"fab fa-youtube\"><\/i>\t\t\t\t\t<\/a>\n\t\t\t\t<\/span>\n\t\t\t\t\t<\/div>\n\t\t\t\t\t\t<\/div>\n\t\t\t\t<\/div>\n\t\t\t\t\t<\/div>\n\t\t<\/div>\n\t\t\t\t\t<\/div>\n\t\t<\/section>\n\t\t\t\t<section class=\"elementor-section elementor-top-section elementor-element elementor-element-3950eef3 elementor-section-content-middle kdojsme elementor-section-boxed elementor-section-height-default elementor-section-height-default\" data-id=\"3950eef3\" data-element_type=\"section\" data-e-type=\"section\" data-settings=\"{&quot;background_background&quot;:&quot;classic&quot;}\">\n\t\t\t\t\t\t<div class=\"elementor-container elementor-column-gap-no\">\n\t\t\t\t\t<div class=\"elementor-column elementor-col-100 elementor-top-column elementor-element elementor-element-4d9349eb\" data-id=\"4d9349eb\" data-element_type=\"column\" data-e-type=\"column\">\n\t\t\t<div class=\"elementor-widget-wrap elementor-element-populated\">\n\t\t\t\t\t\t<div class=\"elementor-element elementor-element-57bd4af0 elementor-widget elementor-widget-image\" data-id=\"57bd4af0\" data-element_type=\"widget\" data-e-type=\"widget\" data-widget_type=\"image.default\">\n\t\t\t\t<div class=\"elementor-widget-container\">\n\t\t\t\t\t\t\t\t\t\t\t\t\t\t\t<img fetchpriority=\"high\" decoding=\"async\" width=\"800\" height=\"866\" src=\"https:\/\/saveshelp.com\/wp-content\/uploads\/2023\/03\/Carka-Red-946x1024.png\" class=\"attachment-large size-large wp-image-799\" alt=\"\" srcset=\"https:\/\/saveshelp.com\/wp-content\/uploads\/2023\/03\/Carka-Red-946x1024.png 946w, https:\/\/saveshelp.com\/wp-content\/uploads\/2023\/03\/Carka-Red-277x300.png 277w, https:\/\/saveshelp.com\/wp-content\/uploads\/2023\/03\/Carka-Red-768x831.png 768w, https:\/\/saveshelp.com\/wp-content\/uploads\/2023\/03\/Carka-Red-11x12.png 11w, https:\/\/saveshelp.com\/wp-content\/uploads\/2023\/03\/Carka-Red.png 1008w\" sizes=\"(max-width: 800px) 100vw, 800px\" \/>\t\t\t\t\t\t\t\t\t\t\t\t\t\t\t<\/div>\n\t\t\t\t<\/div>\n\t\t\t\t<div class=\"elementor-element elementor-element-793e8687 animated-slow elementor-invisible elementor-widget elementor-widget-heading\" data-id=\"793e8687\" data-element_type=\"widget\" data-e-type=\"widget\" data-settings=\"{&quot;_animation&quot;:&quot;fadeInDown&quot;,&quot;_animation_delay&quot;:100}\" data-widget_type=\"heading.default\">\n\t\t\t\t<div class=\"elementor-widget-container\">\n\t\t\t\t\t<h4 class=\"elementor-heading-title elementor-size-default\">Wer wir sind<\/h4>\t\t\t\t<\/div>\n\t\t\t\t<\/div>\n\t\t\t\t<div class=\"elementor-element elementor-element-29e8dd9e elementor-widget-divider--view-line elementor-widget elementor-widget-divider\" data-id=\"29e8dd9e\" data-element_type=\"widget\" data-e-type=\"widget\" data-widget_type=\"divider.default\">\n\t\t\t\t<div class=\"elementor-widget-container\">\n\t\t\t\t\t\t\t<div class=\"elementor-divider\">\n\t\t\t<span class=\"elementor-divider-separator\">\n\t\t\t\t\t\t<\/span>\n\t\t<\/div>\n\t\t\t\t\t\t<\/div>\n\t\t\t\t<\/div>\n\t\t\t\t<div class=\"elementor-element elementor-element-489787c4 elementor-invisible elementor-widget elementor-widget-text-editor\" data-id=\"489787c4\" data-element_type=\"widget\" data-e-type=\"widget\" data-settings=\"{&quot;_animation&quot;:&quot;fadeIn&quot;}\" data-widget_type=\"text-editor.default\">\n\t\t\t\t<div class=\"elementor-widget-container\">\n\t\t\t\t\t\t\t\t\t<p class=\"LC20lb MBeuO DKV0Md\">Saves Help ist eine Non-Profit-Organisation, die 2019 vom Eishockeytorh\u00fcter Simon Hrubec gegr\u00fcndet wurde. Inzwischen sind \u00fcber 60 Torh\u00fcter aus aller Welt mit von der Partie. Dank der Schweizer Eishockey-Legende Leonardo Genoni sind wir 2023 mit Saves Help auch in der Schweiz gestartet. Und ein Jahr zuvor lancierten wir mit dem fr\u00fcheren Weltstar Petr Cech ein analoges Projekt f\u00fcr Fussballtorh\u00fcter.<\/p>\t\t\t\t\t\t\t\t<\/div>\n\t\t\t\t<\/div>\n\t\t\t\t<div class=\"elementor-element elementor-element-40e63f4e animated-slow elementor-invisible elementor-widget elementor-widget-heading\" data-id=\"40e63f4e\" data-element_type=\"widget\" data-e-type=\"widget\" data-settings=\"{&quot;_animation&quot;:&quot;fadeInDown&quot;,&quot;_animation_delay&quot;:100}\" data-widget_type=\"heading.default\">\n\t\t\t\t<div class=\"elementor-widget-container\">\n\t\t\t\t\t<h4 class=\"elementor-heading-title elementor-size-default\">So funktioniert\u2019s:<\/h4>\t\t\t\t<\/div>\n\t\t\t\t<\/div>\n\t\t\t\t<div class=\"elementor-element elementor-element-4324d0c1 elementor-invisible elementor-widget elementor-widget-text-editor\" data-id=\"4324d0c1\" data-element_type=\"widget\" data-e-type=\"widget\" data-settings=\"{&quot;_animation&quot;:&quot;fadeIn&quot;}\" data-widget_type=\"text-editor.default\">\n\t\t\t\t<div class=\"elementor-widget-container\">\n\t\t\t\t\t\t\t\t\t<ul><li style=\"text-align: left;\" class=\"translation-block\">Die teilnehmenden Torh\u00fcter:innen schicken am Ende der Saison mindestens 1.- Franken f\u00fcr jeden Save an Saves Help.<\/li><\/ul><ul><li style=\"text-align: left;\"><span class=\"S1PPyQ\" style=\"color: #000000;\">100% dieser Gelder fliessen in Hilfe f\u00fcr Bed\u00fcrftige.<\/span><\/li><li style=\"text-align: left;\"><span class=\"S1PPyQ\" style=\"color: #000000;\">Seit 2019 kamen so \u00fcber 95'000.- Franken zusammen.<\/span><\/li><li style=\"text-align: left;\"><span class=\"S1PPyQ\" style=\"color: #000000;\">Das Geld wird nicht direkt an die Familien geschickt. Stattdessen finanziert Saves Help dringend ben\u00f6tigte Unterst\u00fctzung wie medizinische Hilfsmittel oder Reha-Aufenthalte.<\/span><\/li><li style=\"text-align: left;\"><span class=\"S1PPyQ\" style=\"color: #000000;\">Die Torh\u00fcter:innen von Saves Help beschliessen gemeinsam, was mit den Spenden finanziert wird.<\/span><\/li><\/ul>\t\t\t\t\t\t\t\t<\/div>\n\t\t\t\t<\/div>\n\t\t\t\t<div class=\"elementor-element elementor-element-3d4573a elementor-widget elementor-widget-image\" data-id=\"3d4573a\" data-element_type=\"widget\" data-e-type=\"widget\" data-widget_type=\"image.default\">\n\t\t\t\t<div class=\"elementor-widget-container\">\n\t\t\t\t\t\t\t\t\t\t\t\t\t\t\t<img decoding=\"async\" width=\"800\" height=\"534\" src=\"https:\/\/saveshelp.com\/wp-content\/uploads\/2023\/04\/781A6207-kopie-1024x683.jpg\" class=\"attachment-large size-large wp-image-1675\" alt=\"\" srcset=\"https:\/\/saveshelp.com\/wp-content\/uploads\/2023\/04\/781A6207-kopie-1024x683.jpg 1024w, https:\/\/saveshelp.com\/wp-content\/uploads\/2023\/04\/781A6207-kopie-300x200.jpg 300w, https:\/\/saveshelp.com\/wp-content\/uploads\/2023\/04\/781A6207-kopie-768x512.jpg 768w, https:\/\/saveshelp.com\/wp-content\/uploads\/2023\/04\/781A6207-kopie-1536x1024.jpg 1536w, https:\/\/saveshelp.com\/wp-content\/uploads\/2023\/04\/781A6207-kopie-2048x1365.jpg 2048w, https:\/\/saveshelp.com\/wp-content\/uploads\/2023\/04\/781A6207-kopie-18x12.jpg 18w\" sizes=\"(max-width: 800px) 100vw, 800px\" \/>\t\t\t\t\t\t\t\t\t\t\t\t\t\t\t<\/div>\n\t\t\t\t<\/div>\n\t\t\t\t\t<\/div>\n\t\t<\/div>\n\t\t\t\t\t<\/div>\n\t\t<\/section>\n\t\t\t\t<\/div>","protected":false},"excerpt":{"rendered":"<p>O n\u00e1s KDO JSME Facebook Instagram Twitter Youtube KDO JSME Jsme neziskov\u00e1 organizace, kter\u00e1 byla zalo\u017eena v roce 2019 hokejov\u00fdm brank\u00e1\u0159em \u0160imonem Hrubcem. Rok 2022 je pro Saves Help dal\u0161\u00edm z\u00e1sadn\u00edm miln\u00edkem, spustili jsme projekt i pro brank\u00e1\u0159e fotbalov\u00e9, jeho\u017e tv\u00e1\u0159\u00ed je Petr \u010cech. I d\u00edky legend\u011b \u0161v\u00fdcarsk\u00e9ho hokeje, Leonardu Genonimu, jsme v roce 2023 [&hellip;]<\/p>\n","protected":false},"author":6,"featured_media":0,"parent":0,"menu_order":0,"comment_status":"closed","ping_status":"closed","template":"","meta":{"footnotes":""},"class_list":["post-853","page","type-page","status-publish","hentry"],"_links":{"self":[{"href":"https:\/\/saveshelp.com\/de\/wp-json\/wp\/v2\/pages\/853","targetHints":{"allow":["GET"]}}],"collection":[{"href":"https:\/\/saveshelp.com\/de\/wp-json\/wp\/v2\/pages"}],"about":[{"href":"https:\/\/saveshelp.com\/de\/wp-json\/wp\/v2\/types\/page"}],"author":[{"embeddable":true,"href":"https:\/\/saveshelp.com\/de\/wp-json\/wp\/v2\/users\/6"}],"replies":[{"embeddable":true,"href":"https:\/\/saveshelp.com\/de\/wp-json\/wp\/v2\/comments?post=853"}],"version-history":[{"count":95,"href":"https:\/\/saveshelp.com\/de\/wp-json\/wp\/v2\/pages\/853\/revisions"}],"predecessor-version":[{"id":1716,"href":"https:\/\/saveshelp.com\/de\/wp-json\/wp\/v2\/pages\/853\/revisions\/1716"}],"wp:attachment":[{"href":"https:\/\/saveshelp.com\/de\/wp-json\/wp\/v2\/media?parent=853"}],"curies":[{"name":"wp","href":"https:\/\/api.w.org\/{rel}","templated":true}]}}